{"id":9,"date":"2023-12-13T15:37:20","date_gmt":"2023-12-13T15:37:20","guid":{"rendered":"https:\/\/demosites.royal-elementor-addons.com\/music-band-v1\/?page_id=9"},"modified":"2024-12-15T22:27:14","modified_gmt":"2024-12-15T22:27:14","slug":"bio","status":"publish","type":"page","link":"https:\/\/ura-m.com\/index.php\/bio\/","title":{"rendered":"Bio"},"content":{"rendered":"<p class=\"attachment\"><a href='https:\/\/ura-m.com\/wp-content\/uploads\/2024\/12\/IMG-20240507-WA0019.jpg'><img fetchpriority=\"high\" decoding=\"async\" width=\"225\" height=\"300\" src=\"https:\/\/ura-m.com\/wp-content\/uploads\/2024\/12\/IMG-20240507-WA0019-225x300.jpg\" class=\"attachment-medium size-medium\" alt=\"\" srcset=\"https:\/\/ura-m.com\/wp-content\/uploads\/2024\/12\/IMG-20240507-WA0019-225x300.jpg 225w, https:\/\/ura-m.com\/wp-content\/uploads\/2024\/12\/IMG-20240507-WA0019-768x1024.jpg 768w, https:\/\/ura-m.com\/wp-content\/uploads\/2024\/12\/IMG-20240507-WA0019-1152x1536.jpg 1152w, https:\/\/ura-m.com\/wp-content\/uploads\/2024\/12\/IMG-20240507-WA0019-600x800.jpg 600w, https:\/\/ura-m.com\/wp-content\/uploads\/2024\/12\/IMG-20240507-WA0019.jpg 1200w\" sizes=\"(max-width: 225px) 100vw, 225px\" \/><\/a><\/p>\n\t\t<div data-elementor-type=\"wp-page\" data-elementor-id=\"9\" class=\"elementor elementor-9\">\n\t\t\t\t<div class=\"elementor-element elementor-element-d98f8dc e-flex e-con-boxed wpr-particle-no wpr-jarallax-no wpr-parallax-no wpr-sticky-section-no e-con e-parent\" data-id=\"d98f8dc\" data-element_type=\"container\" data-settings=\"{&quot;background_background&quot;:&quot;classic&quot;}\">\n\t\t\t\t\t<div class=\"e-con-inner\">\n\t\t\t\t\t<\/div>\n\t\t\t\t<\/div>\n\t\t<div class=\"elementor-element elementor-element-2bd56dc e-flex e-con-boxed wpr-particle-no wpr-jarallax-no wpr-parallax-no wpr-sticky-section-no e-con e-parent\" data-id=\"2bd56dc\" data-element_type=\"container\">\n\t\t\t\t\t<div class=\"e-con-inner\">\n\t\t\t\t<div class=\"elementor-element elementor-element-7542e09 elementor-widget elementor-widget-heading\" data-id=\"7542e09\" data-element_type=\"widget\" data-widget_type=\"heading.default\">\n\t\t\t\t<div class=\"elementor-widget-container\">\n\t\t\t<h2 class=\"elementor-heading-title elementor-size-default\">Biografia<\/h2>\t\t<\/div>\n\t\t\t\t<\/div>\n\t\t\t\t\t<\/div>\n\t\t\t\t<\/div>\n\t\t<div class=\"elementor-element elementor-element-3c7914b e-flex e-con-boxed wpr-particle-no wpr-jarallax-no wpr-parallax-no wpr-sticky-section-no e-con e-parent\" data-id=\"3c7914b\" data-element_type=\"container\">\n\t\t\t\t\t<div class=\"e-con-inner\">\n\t\t\t\t<div class=\"elementor-element elementor-element-1b3e95b elementor-widget elementor-widget-heading\" data-id=\"1b3e95b\" data-element_type=\"widget\" data-widget_type=\"heading.default\">\n\t\t\t\t<div class=\"elementor-widget-container\">\n\t\t\t<h2 class=\"elementor-heading-title elementor-size-default\">Nga 2023<\/h2>\t\t<\/div>\n\t\t\t\t<\/div>\n\t\t\t\t<div class=\"elementor-element elementor-element-1a918b3 elementor-widget elementor-widget-heading\" data-id=\"1a918b3\" data-element_type=\"widget\" data-widget_type=\"heading.default\">\n\t\t\t\t<div class=\"elementor-widget-container\">\n\t\t\t<h2 class=\"elementor-heading-title elementor-size-default\">Si filloi gjith\u00e7ka<\/h2>\t\t<\/div>\n\t\t\t\t<\/div>\n\t\t\t\t<div class=\"elementor-element elementor-element-8ded951 elementor-widget elementor-widget-text-editor\" data-id=\"8ded951\" data-element_type=\"widget\" data-widget_type=\"text-editor.default\">\n\t\t\t\t<div class=\"elementor-widget-container\">\n\t\t\t\t\t\t\t<p data-pm-slice=\"1 1 []\"><strong>&#8220;Ura-Muzikore&#8221;<\/strong> \u00ebsht\u00eb nj\u00eb organizat\u00eb e dedikuar p\u00ebr t\u00eb lidhur artist\u00eb t\u00eb rinj dhe talente premtuese me pasionin e muzik\u00ebs. Me themeluesin dhe drejtuesin ton\u00eb, <strong>Bekim K\u00ebpuska<\/strong>, ne kemi krijuar nj\u00eb platform\u00eb q\u00eb bashkon kreativitetin dhe bashk\u00ebpunimin artistik.<\/p><p data-pm-slice=\"1 1 []\">&#8220;Ura-Muzikore&#8221; nuk \u00ebsht\u00eb thjesht nj\u00eb organizat\u00eb, por nj\u00eb ur\u00eb q\u00eb lidh \u00ebndrrat me realitetin, talentet me sken\u00ebn dhe muzik\u00ebn me emocionet e publikut. Misioni yn\u00eb \u00ebsht\u00eb t\u00eb frym\u00ebzojm\u00eb dhe mb\u00ebshtesim brezin e ardhsh\u00ebm t\u00eb muzikant\u00ebve.<\/p>\t\t\t\t\t\t<\/div>\n\t\t\t\t<\/div>\n\t\t\t\t<div class=\"elementor-element elementor-element-f0eb396 elementor-widget elementor-widget-image\" data-id=\"f0eb396\" data-element_type=\"widget\" data-widget_type=\"image.default\">\n\t\t\t\t<div class=\"elementor-widget-container\">\n\t\t\t\t\t\t\t\t\t\t\t\t\t<img decoding=\"async\" width=\"960\" height=\"628\" src=\"https:\/\/ura-m.com\/wp-content\/uploads\/2024\/12\/FOTO-E-GRUPIT-1-1024x670.jpg\" class=\"attachment-large size-large wp-image-1084\" alt=\"\" srcset=\"https:\/\/ura-m.com\/wp-content\/uploads\/2024\/12\/FOTO-E-GRUPIT-1-1024x670.jpg 1024w, https:\/\/ura-m.com\/wp-content\/uploads\/2024\/12\/FOTO-E-GRUPIT-1-300x196.jpg 300w, https:\/\/ura-m.com\/wp-content\/uploads\/2024\/12\/FOTO-E-GRUPIT-1-768x503.jpg 768w, https:\/\/ura-m.com\/wp-content\/uploads\/2024\/12\/FOTO-E-GRUPIT-1-600x393.jpg 600w, https:\/\/ura-m.com\/wp-content\/uploads\/2024\/12\/FOTO-E-GRUPIT-1.jpg 1063w\" sizes=\"(max-width: 960px) 100vw, 960px\" \/>\t\t\t\t\t\t\t\t\t\t\t\t\t<\/div>\n\t\t\t\t<\/div>\n\t\t\t\t\t<\/div>\n\t\t\t\t<\/div>\n\t\t<div class=\"elementor-element elementor-element-d203d71 e-flex e-con-boxed wpr-particle-no wpr-jarallax-no wpr-parallax-no wpr-sticky-section-no e-con e-parent\" data-id=\"d203d71\" data-element_type=\"container\">\n\t\t\t\t\t<div class=\"e-con-inner\">\n\t\t\t\t<div class=\"elementor-element elementor-element-12873ad elementor-widget elementor-widget-heading\" data-id=\"12873ad\" data-element_type=\"widget\" data-widget_type=\"heading.default\">\n\t\t\t\t<div class=\"elementor-widget-container\">\n\t\t\t<h2 class=\"elementor-heading-title elementor-size-default\">Album<\/h2>\t\t<\/div>\n\t\t\t\t<\/div>\n\t\t\t\t<div class=\"elementor-element elementor-element-c736872 elementor-widget elementor-widget-heading\" data-id=\"c736872\" data-element_type=\"widget\" data-widget_type=\"heading.default\">\n\t\t\t\t<div class=\"elementor-widget-container\">\n\t\t\t<h2 class=\"elementor-heading-title elementor-size-default\">Momente me grupin<\/h2>\t\t<\/div>\n\t\t\t\t<\/div>\n\t\t\t\t<div class=\"elementor-element elementor-element-ffc385c wpr-grid-columns-4 wpr-grid-columns--laptop4 wpr-grid-columns--tablet3 wpr-grid-columns--mobile1 wpr-grid-pagination-center elementor-widget elementor-widget-wpr-media-grid\" data-id=\"ffc385c\" data-element_type=\"widget\" data-widget_type=\"wpr-media-grid.default\">\n\t\t\t\t<div class=\"elementor-widget-container\">\n\t\t\t<section class=\"wpr-grid wpr-media-grid elementor-clearfix\" data-settings=\"{&quot;layout&quot;:&quot;masonry&quot;,&quot;columns_desktop&quot;:4,&quot;gutter_hr&quot;:20,&quot;gutter_hr_mobile&quot;:20,&quot;gutter_hr_mobile_extra&quot;:20,&quot;gutter_hr_tablet&quot;:20,&quot;gutter_hr_tablet_extra&quot;:20,&quot;gutter_hr_laptop&quot;:20,&quot;gutter_hr_widescreen&quot;:20,&quot;gutter_vr&quot;:20,&quot;gutter_vr_mobile&quot;:20,&quot;gutter_vr_mobile_extra&quot;:20,&quot;gutter_vr_tablet&quot;:20,&quot;gutter_vr_tablet_extra&quot;:20,&quot;gutter_vr_laptop&quot;:20,&quot;gutter_vr_widescreen&quot;:20,&quot;animation&quot;:&quot;default&quot;,&quot;animation_duration&quot;:0.3,&quot;animation_delay&quot;:0.1,&quot;deeplinking&quot;:&quot;&quot;,&quot;filters_default_filter&quot;:&quot;&quot;,&quot;filters_linkable&quot;:&quot;no&quot;,&quot;filters_count&quot;:&quot;&quot;,&quot;filters_hide_empty&quot;:&quot;no&quot;,&quot;filters_animation&quot;:&quot;default&quot;,&quot;filters_animation_duration&quot;:0.3,&quot;filters_animation_delay&quot;:0.1,&quot;pagination_type&quot;:&quot;load-more&quot;,&quot;pagination_max_pages&quot;:1,&quot;lightbox&quot;:{&quot;selector&quot;:&quot;.wpr-grid-image-wrap&quot;,&quot;iframeMaxWidth&quot;:&quot;60%&quot;,&quot;hash&quot;:false,&quot;autoplay&quot;:&quot;true&quot;,&quot;pause&quot;:5000,&quot;progressBar&quot;:&quot;true&quot;,&quot;counter&quot;:&quot;true&quot;,&quot;controls&quot;:&quot;true&quot;,&quot;getCaptionFromTitleOrAlt&quot;:&quot;true&quot;,&quot;thumbnail&quot;:&quot;&quot;,&quot;showThumbByDefault&quot;:&quot;&quot;,&quot;share&quot;:&quot;&quot;,&quot;zoom&quot;:&quot;true&quot;,&quot;fullScreen&quot;:&quot;true&quot;,&quot;download&quot;:&quot;true&quot;}}\"><article class=\"wpr-grid-item elementor-clearfix post-1097 attachment type-attachment status-inherit hentry\"><div class=\"wpr-grid-item-inner\"><div class=\"wpr-grid-media-wrap wpr-effect-size-small \"><div class=\"wpr-grid-image-wrap\" data-src=\"https:\/\/ura-m.com\/wp-content\/uploads\/2024\/12\/IMG-20240507-WA0021.jpg\"><img decoding=\"async\" src=\"https:\/\/ura-m.com\/wp-content\/uploads\/2024\/12\/IMG-20240507-WA0021.jpg\" alt=\"IMG-20240507-WA0021\" class=\"wpr-anim-timing-ease-default\"><\/div><div class=\"wpr-grid-media-hover wpr-animation-wrap\"><div class=\"wpr-grid-media-hover-bg  wpr-overlay-fade-in wpr-anim-size-large wpr-anim-timing-ease-default wpr-anim-transparency\" data-url=\"https:\/\/ura-m.com\/index.php\/bio\/img-20240507-wa0021\/\"><\/div><div class=\"wpr-cv-container\"><div class=\"wpr-cv-outer\"><div class=\"wpr-cv-inner\"><div class=\"wpr-grid-media-hover-middle elementor-clearfix\"><div class=\"wpr-grid-item-lightbox elementor-repeater-item-2ad7357 wpr-grid-item-display-block wpr-grid-item-align-center wpr-element-fade-in wpr-anim-size-large wpr-anim-timing-ease-default wpr-anim-transparency\"><div class=\"inner-block\"><span data-src=\"https:\/\/ura-m.com\/wp-content\/uploads\/2024\/12\/IMG-20240507-WA0021.jpg\"><i class=\"fas fa-search\"><\/i><\/span><div class=\"wpr-grid-lightbox-overlay\"><\/div><\/div><\/div><\/div><\/div><\/div><\/div><\/div><\/div><\/div><\/article><article class=\"wpr-grid-item elementor-clearfix post-1098 attachment type-attachment status-inherit hentry\"><div class=\"wpr-grid-item-inner\"><div class=\"wpr-grid-media-wrap wpr-effect-size-small \"><div class=\"wpr-grid-image-wrap\" data-src=\"https:\/\/ura-m.com\/wp-content\/uploads\/2024\/12\/IMG-20240507-WA0015.jpg\"><img decoding=\"async\" src=\"https:\/\/ura-m.com\/wp-content\/uploads\/2024\/12\/IMG-20240507-WA0015.jpg\" alt=\"IMG-20240507-WA0015\" class=\"wpr-anim-timing-ease-default\"><\/div><div class=\"wpr-grid-media-hover wpr-animation-wrap\"><div class=\"wpr-grid-media-hover-bg  wpr-overlay-fade-in wpr-anim-size-large wpr-anim-timing-ease-default wpr-anim-transparency\" data-url=\"https:\/\/ura-m.com\/index.php\/bio\/img-20240507-wa0015\/\"><\/div><div class=\"wpr-cv-container\"><div class=\"wpr-cv-outer\"><div class=\"wpr-cv-inner\"><div class=\"wpr-grid-media-hover-middle elementor-clearfix\"><div class=\"wpr-grid-item-lightbox elementor-repeater-item-2ad7357 wpr-grid-item-display-block wpr-grid-item-align-center wpr-element-fade-in wpr-anim-size-large wpr-anim-timing-ease-default wpr-anim-transparency\"><div class=\"inner-block\"><span data-src=\"https:\/\/ura-m.com\/wp-content\/uploads\/2024\/12\/IMG-20240507-WA0015.jpg\"><i class=\"fas fa-search\"><\/i><\/span><div class=\"wpr-grid-lightbox-overlay\"><\/div><\/div><\/div><\/div><\/div><\/div><\/div><\/div><\/div><\/div><\/article><article class=\"wpr-grid-item elementor-clearfix post-1099 attachment type-attachment status-inherit hentry\"><div class=\"wpr-grid-item-inner\"><div class=\"wpr-grid-media-wrap wpr-effect-size-small \"><div class=\"wpr-grid-image-wrap\" data-src=\"https:\/\/ura-m.com\/wp-content\/uploads\/2024\/12\/IMG-20240507-WA0017.jpg\"><img decoding=\"async\" src=\"https:\/\/ura-m.com\/wp-content\/uploads\/2024\/12\/IMG-20240507-WA0017.jpg\" alt=\"IMG-20240507-WA0017\" class=\"wpr-anim-timing-ease-default\"><\/div><div class=\"wpr-grid-media-hover wpr-animation-wrap\"><div class=\"wpr-grid-media-hover-bg  wpr-overlay-fade-in wpr-anim-size-large wpr-anim-timing-ease-default wpr-anim-transparency\" data-url=\"https:\/\/ura-m.com\/index.php\/bio\/img-20240507-wa0017\/\"><\/div><div class=\"wpr-cv-container\"><div class=\"wpr-cv-outer\"><div class=\"wpr-cv-inner\"><div class=\"wpr-grid-media-hover-middle elementor-clearfix\"><div class=\"wpr-grid-item-lightbox elementor-repeater-item-2ad7357 wpr-grid-item-display-block wpr-grid-item-align-center wpr-element-fade-in wpr-anim-size-large wpr-anim-timing-ease-default wpr-anim-transparency\"><div class=\"inner-block\"><span data-src=\"https:\/\/ura-m.com\/wp-content\/uploads\/2024\/12\/IMG-20240507-WA0017.jpg\"><i class=\"fas fa-search\"><\/i><\/span><div class=\"wpr-grid-lightbox-overlay\"><\/div><\/div><\/div><\/div><\/div><\/div><\/div><\/div><\/div><\/div><\/article><article class=\"wpr-grid-item elementor-clearfix post-1100 attachment type-attachment status-inherit hentry\"><div class=\"wpr-grid-item-inner\"><div class=\"wpr-grid-media-wrap wpr-effect-size-small \"><div class=\"wpr-grid-image-wrap\" data-src=\"https:\/\/ura-m.com\/wp-content\/uploads\/2024\/12\/IMG-20240507-WA0019.jpg\"><img decoding=\"async\" src=\"https:\/\/ura-m.com\/wp-content\/uploads\/2024\/12\/IMG-20240507-WA0019.jpg\" alt=\"IMG-20240507-WA0019\" class=\"wpr-anim-timing-ease-default\"><\/div><div class=\"wpr-grid-media-hover wpr-animation-wrap\"><div class=\"wpr-grid-media-hover-bg  wpr-overlay-fade-in wpr-anim-size-large wpr-anim-timing-ease-default wpr-anim-transparency\" data-url=\"https:\/\/ura-m.com\/index.php\/bio\/img-20240507-wa0019\/\"><\/div><div class=\"wpr-cv-container\"><div class=\"wpr-cv-outer\"><div class=\"wpr-cv-inner\"><div class=\"wpr-grid-media-hover-middle elementor-clearfix\"><div class=\"wpr-grid-item-lightbox elementor-repeater-item-2ad7357 wpr-grid-item-display-block wpr-grid-item-align-center wpr-element-fade-in wpr-anim-size-large wpr-anim-timing-ease-default wpr-anim-transparency\"><div class=\"inner-block\"><span data-src=\"https:\/\/ura-m.com\/wp-content\/uploads\/2024\/12\/IMG-20240507-WA0019.jpg\"><i class=\"fas fa-search\"><\/i><\/span><div class=\"wpr-grid-lightbox-overlay\"><\/div><\/div><\/div><\/div><\/div><\/div><\/div><\/div><\/div><\/div><\/article><\/section>\t\t<\/div>\n\t\t\t\t<\/div>\n\t\t\t\t\t<\/div>\n\t\t\t\t<\/div>\n\t\t<div class=\"elementor-element elementor-element-866871a e-flex e-con-boxed wpr-particle-no wpr-jarallax-no wpr-parallax-no wpr-sticky-section-no e-con e-parent\" data-id=\"866871a\" data-element_type=\"container\">\n\t\t\t\t\t<div class=\"e-con-inner\">\n\t\t<div class=\"elementor-element elementor-element-f04c03d e-flex e-con-boxed wpr-particle-no wpr-jarallax-no wpr-parallax-no wpr-sticky-section-no e-con e-child\" data-id=\"f04c03d\" data-element_type=\"container\">\n\t\t\t\t\t<div class=\"e-con-inner\">\n\t\t\t\t<div class=\"elementor-element elementor-element-9a0b090 elementor-widget elementor-widget-heading\" data-id=\"9a0b090\" data-element_type=\"widget\" data-widget_type=\"heading.default\">\n\t\t\t\t<div class=\"elementor-widget-container\">\n\t\t\t<h2 class=\"elementor-heading-title elementor-size-default\">My Style and Inspiration<\/h2>\t\t<\/div>\n\t\t\t\t<\/div>\n\t\t\t\t<div class=\"elementor-element elementor-element-cccdbab elementor-widget elementor-widget-heading\" data-id=\"cccdbab\" data-element_type=\"widget\" data-widget_type=\"heading.default\">\n\t\t\t\t<div class=\"elementor-widget-container\">\n\t\t\t<h2 class=\"elementor-heading-title elementor-size-default\">\"Nj\u00eb melodi e re p\u00ebr \u00e7do histori t\u00eb ve\u00e7ant\u00eb.\"<\/h2>\t\t<\/div>\n\t\t\t\t<\/div>\n\t\t\t\t<div class=\"elementor-element elementor-element-bbe57ed elementor-widget elementor-widget-text-editor\" data-id=\"bbe57ed\" data-element_type=\"widget\" data-widget_type=\"text-editor.default\">\n\t\t\t\t<div class=\"elementor-widget-container\">\n\t\t\t\t\t\t\t<div class=\"flex max-w-full flex-col flex-grow\"><div class=\"min-h-8 text-message flex w-full flex-col items-end gap-2 whitespace-normal break-words text-start [.text-message+&amp;]:mt-5\" dir=\"auto\" data-message-author-role=\"assistant\" data-message-id=\"160b03b0-ada7-40c1-8f2d-295df82e5aa3\" data-message-model-slug=\"gpt-4o-mini\"><div class=\"flex w-full flex-col gap-1 empty:hidden first:pt-[3px]\"><div class=\"markdown prose w-full break-words dark:prose-invert dark\"><p>Dhjetori ka shp\u00ebrthyer n\u00eb sken\u00ebn muzikore me nj\u00eb z\u00eb unik dhe k\u00ebng\u00eb q\u00eb prekin zemrat. Me mb\u00ebshtetje nga &#8220;Ura-Muzikore&#8221; dhe projekte me Bekim K\u00ebpusk\u00ebn, ai ka fituar nj\u00eb audienc\u00eb t\u00eb madhe n\u00eb YouTube. &#8220;Muzika \u00ebsht\u00eb nj\u00eb gjuh\u00eb universale q\u00eb na lidh t\u00eb gjith\u00ebve,&#8221; thot\u00eb Dhjetori, duke sjell\u00eb nj\u00eb frym\u00eb t\u00eb re n\u00eb muzik\u00ebn shqiptare. Ky \u00ebsht\u00eb vet\u00ebm fillimi p\u00ebr k\u00ebt\u00eb yll t\u00eb ri.<\/p><\/div><\/div><\/div><\/div>\t\t\t\t\t\t<\/div>\n\t\t\t\t<\/div>\n\t\t\t\t\t<\/div>\n\t\t\t\t<\/div>\n\t\t<div class=\"elementor-element elementor-element-dc713c4 e-flex e-con-boxed wpr-particle-no wpr-jarallax-no wpr-parallax-no wpr-sticky-section-no e-con e-child\" data-id=\"dc713c4\" data-element_type=\"container\">\n\t\t\t\t\t<div class=\"e-con-inner\">\n\t\t\t\t<div class=\"elementor-element elementor-element-224fbb6 elementor-widget__width-inherit elementor-widget elementor-widget-image\" data-id=\"224fbb6\" data-element_type=\"widget\" data-widget_type=\"image.default\">\n\t\t\t\t<div class=\"elementor-widget-container\">\n\t\t\t\t\t\t\t\t\t\t\t\t\t<img decoding=\"async\" width=\"612\" height=\"408\" src=\"https:\/\/ura-m.com\/wp-content\/uploads\/2024\/12\/dHJETORI.png\" class=\"attachment-2048x2048 size-2048x2048 wp-image-1078\" alt=\"\" srcset=\"https:\/\/ura-m.com\/wp-content\/uploads\/2024\/12\/dHJETORI.png 612w, https:\/\/ura-m.com\/wp-content\/uploads\/2024\/12\/dHJETORI-300x200.png 300w, https:\/\/ura-m.com\/wp-content\/uploads\/2024\/12\/dHJETORI-600x400.png 600w\" sizes=\"(max-width: 612px) 100vw, 612px\" \/>\t\t\t\t\t\t\t\t\t\t\t\t\t<\/div>\n\t\t\t\t<\/div>\n\t\t\t\t\t<\/div>\n\t\t\t\t<\/div>\n\t\t\t\t\t<\/div>\n\t\t\t\t<\/div>\n\t\t\t\t<\/div>\n\t\t","protected":false},"excerpt":{"rendered":"<p>Biografia Nga 2023 Si filloi gjith\u00e7ka &#8220;Ura-Muzikore&#8221; \u00ebsht\u00eb nj\u00eb organizat\u00eb e dedikuar p\u00ebr t\u00eb lidhur artist\u00eb t\u00eb rinj dhe talente premtuese me pasionin e muzik\u00ebs. Me themeluesin dhe drejtuesin ton\u00eb, Bekim K\u00ebpuska, ne kemi krijuar nj\u00eb platform\u00eb q\u00eb bashkon kreativitetin dhe bashk\u00ebpunimin artistik. &#8220;Ura-Muzikore&#8221; nuk \u00ebsht\u00eb thjesht nj\u00eb organizat\u00eb, por nj\u00eb ur\u00eb q\u00eb lidh \u00ebndrrat me realitetin, talentet me sken\u00ebn dhe muzik\u00ebn me emocionet e publikut. Misioni yn\u00eb \u00ebsht\u00eb t\u00eb frym\u00ebzojm\u00eb dhe mb\u00ebshtesim brezin e ardhsh\u00ebm t\u00eb muzikant\u00ebve. Album Momente me grupin My Style and Inspiration &#8220;Nj\u00eb melodi e re p\u00ebr \u00e7do histori t\u00eb ve\u00e7ant\u00eb.&#8221; Dhjetori ka shp\u00ebrthyer n\u00eb sken\u00ebn muzikore me nj\u00eb z\u00eb unik dhe k\u00ebng\u00eb q\u00eb prekin zemrat. Me mb\u00ebshtetje nga &#8220;Ura-Muzikore&#8221; dhe projekte me Bekim K\u00ebpusk\u00ebn, ai ka fituar nj\u00eb audienc\u00eb t\u00eb madhe n\u00eb YouTube. &#8220;Muzika \u00ebsht\u00eb nj\u00eb gjuh\u00eb universale q\u00eb na lidh t\u00eb gjith\u00ebve,&#8221; thot\u00eb Dhjetori, duke sjell\u00eb nj\u00eb frym\u00eb t\u00eb re n\u00eb muzik\u00ebn shqiptare. Ky \u00ebsht\u00eb vet\u00ebm fillimi p\u00ebr k\u00ebt\u00eb yll t\u00eb ri.<\/p>\n","protected":false},"author":1,"featured_media":0,"parent":0,"menu_order":0,"comment_status":"closed","ping_status":"closed","template":"elementor_canvas","meta":{"footnotes":""},"class_list":["post-9","page","type-page","status-publish","hentry"],"_links":{"self":[{"href":"https:\/\/ura-m.com\/index.php\/wp-json\/wp\/v2\/pages\/9","targetHints":{"allow":["GET"]}}],"collection":[{"href":"https:\/\/ura-m.com\/index.php\/wp-json\/wp\/v2\/pages"}],"about":[{"href":"https:\/\/ura-m.com\/index.php\/wp-json\/wp\/v2\/types\/page"}],"author":[{"embeddable":true,"href":"https:\/\/ura-m.com\/index.php\/wp-json\/wp\/v2\/users\/1"}],"replies":[{"embeddable":true,"href":"https:\/\/ura-m.com\/index.php\/wp-json\/wp\/v2\/comments?post=9"}],"version-history":[{"count":24,"href":"https:\/\/ura-m.com\/index.php\/wp-json\/wp\/v2\/pages\/9\/revisions"}],"predecessor-version":[{"id":1195,"href":"https:\/\/ura-m.com\/index.php\/wp-json\/wp\/v2\/pages\/9\/revisions\/1195"}],"wp:attachment":[{"href":"https:\/\/ura-m.com\/index.php\/wp-json\/wp\/v2\/media?parent=9"}],"curies":[{"name":"wp","href":"https:\/\/api.w.org\/{rel}","templated":true}]}}